{"id":34,"date":"2022-02-13T01:15:24","date_gmt":"2022-02-13T00:15:24","guid":{"rendered":"https:\/\/verstal.pl\/?page_id=34"},"modified":"2024-10-29T12:17:48","modified_gmt":"2024-10-29T11:17:48","slug":"verstal","status":"publish","type":"page","link":"https:\/\/verstal.pl\/de\/","title":{"rendered":"Pr\u0119ty \u017cebrowane, Walc\u00f3wka g\u0142adka, Druty, Liny stalowe"},"content":{"rendered":"<p>[et_pb_section fb_built=&#8221;1&#8243; admin_label=&#8221;Header&#8221; _builder_version=&#8221;4.16&#8243; background_color=&#8221;#00263f&#8221; use_background_color_gradient=&#8221;on&#8221; background_color_gradient_type=&#8221;circular&#8221; background_color_gradient_direction_radial=&#8221;right&#8221; background_color_gradient_stops=&#8221;#2b3ea0 0%|#00263f 18%&#8221; background_color_gradient_start=&#8221;#2b3ea0&#8243; background_color_gradient_end=&#8221;#00263f&#8221; background_color_gradient_end_position=&#8221;18%&#8221; background_image=&#8221;https:\/\/verstal.pl\/wp-content\/uploads\/2022\/02\/VSMAINok.png&#8221; parallax=&#8221;on&#8221; background_enable_video_mp4=&#8221;off&#8221; custom_padding=&#8221;3vw||0||false|false&#8221; filter_hue_rotate=&#8221;359deg&#8221; top_divider_color=&#8221;#00263f&#8221; global_colors_info=&#8221;{}&#8221; background_size__hover=&#8221;cover&#8221; background_size__hover_enabled=&#8221;cover&#8221;][et_pb_row _builder_version=&#8221;4.16&#8243; use_background_color_gradient=&#8221;on&#8221; background_color_gradient_stops=&#8221;rgba(26,24,68,0) 0%|#00263f 100%&#8221; background_color_gradient_overlays_image=&#8221;on&#8221; background_color_gradient_start=&#8221;rgba(26,24,68,0)&#8221; background_color_gradient_end=&#8221;#00263f&#8221; background_enable_image=&#8221;off&#8221; background_position=&#8221;top_center&#8221; width=&#8221;100%&#8221; max_width=&#8221;100%&#8221; custom_margin=&#8221;-1px|auto||auto||&#8221; custom_padding=&#8221;0px|10%|2px|10%||true&#8221; animation_style=&#8221;slide&#8221; animation_direction=&#8221;bottom&#8221; animation_intensity_slide=&#8221;1%&#8221; use_custom_width=&#8221;on&#8221; width_unit=&#8221;off&#8221; custom_width_percent=&#8221;100%&#8221; global_colors_info=&#8221;{}&#8221;][et_pb_column type=&#8221;4_4&#8243; _builder_version=&#8221;4.16&#8243; custom_padding=&#8221;|||&#8221; global_colors_info=&#8221;{}&#8221; custom_padding__hover=&#8221;|||&#8221;][et_pb_text _builder_version=&#8221;4.21.2&#8243; text_font=&#8221;Lato||||||||&#8221; text_font_size=&#8221;20px&#8221; text_line_height=&#8221;1.8em&#8221; header_font=&#8221;Lato|900|||||||&#8221; header_font_size=&#8221;75px&#8221; header_letter_spacing=&#8221;1px&#8221; header_line_height=&#8221;1.2em&#8221; header_4_font=&#8221;Raleway|||on|||||&#8221; header_4_font_size=&#8221;22px&#8221; header_4_letter_spacing=&#8221;4px&#8221; header_4_line_height=&#8221;1.6em&#8221; text_orientation=&#8221;center&#8221; background_layout=&#8221;dark&#8221; max_width=&#8221;800px&#8221; module_alignment=&#8221;center&#8221; custom_margin=&#8221;||17px|||&#8221; custom_padding=&#8221;||29px|||&#8221; text_font_size_tablet=&#8221;&#8221; text_font_size_phone=&#8221;14px&#8221; text_font_size_last_edited=&#8221;on|desktop&#8221; header_font_size_tablet=&#8221;62px&#8221; header_font_size_phone=&#8221;38px&#8221; header_font_size_last_edited=&#8221;on|phone&#8221; global_colors_info=&#8221;{}&#8221;]<\/p>\n<h1>Zapraszamy do wsp\u00f3\u0142pracy<\/h1>\n<p>[\/et_pb_text][et_pb_text _builder_version=&#8221;4.17.1&#8243; text_font=&#8221;Lato||||||||&#8221; text_font_size=&#8221;20px&#8221; text_line_height=&#8221;1.8em&#8221; header_font=&#8221;Lato|900|||||||&#8221; header_font_size=&#8221;82px&#8221; header_letter_spacing=&#8221;1px&#8221; header_line_height=&#8221;1.2em&#8221; header_4_font=&#8221;Raleway|||on|||||&#8221; header_4_font_size=&#8221;22px&#8221; header_4_letter_spacing=&#8221;4px&#8221; header_4_line_height=&#8221;1.6em&#8221; text_orientation=&#8221;center&#8221; background_layout=&#8221;dark&#8221; max_width=&#8221;800px&#8221; module_alignment=&#8221;center&#8221; custom_padding=&#8221;||100px|||&#8221; text_font_size_tablet=&#8221;&#8221; text_font_size_phone=&#8221;14px&#8221; text_font_size_last_edited=&#8221;on|desktop&#8221; header_font_size_tablet=&#8221;62px&#8221; header_font_size_phone=&#8221;38px&#8221; header_font_size_last_edited=&#8221;on|phone&#8221; global_colors_info=&#8221;{}&#8221;]<\/p>\n<p>Oferujemy szeroki asortyment wyrob\u00f3w ze stali w\u0119glowej<br \/>jak pr\u0119ty \u017cebrowane, walc\u00f3wki czy druty.<br \/>Cechuje nas terminowo\u015b\u0107 oraz indywidualne podej\u015bcie do ka\u017cdego klienta.<br \/>Nasze wyroby posiadaj\u0105 wszelkie wymagane certyfikaty oraz atesty.<\/p>\n<p>&nbsp;<\/p>\n<p>[\/et_pb_text][\/et_pb_column][\/et_pb_row][\/et_pb_section][et_pb_section fb_built=&#8221;1&#8243; admin_label=&#8221;CTAs&#8221; _builder_version=&#8221;4.16&#8243; background_color=&#8221;#00263f&#8221; custom_margin=&#8221;-5px|||||&#8221; custom_padding=&#8221;0|0px|60px|0px|false|false&#8221; global_colors_info=&#8221;{}&#8221;][et_pb_row column_structure=&#8221;1_5,1_5,1_5,1_5,1_5&#8243; _builder_version=&#8221;4.16&#8243; _module_preset=&#8221;default&#8221; custom_padding=&#8221;50px|||||&#8221; global_colors_info=&#8221;{}&#8221;][et_pb_column type=&#8221;1_5&#8243; _builder_version=&#8221;4.16&#8243; _module_preset=&#8221;default&#8221; global_colors_info=&#8221;{}&#8221;][et_pb_image src=&#8221;https:\/\/verstal.pl\/wp-content\/uploads\/2022\/02\/Prety-zbrojeniowe-1.png&#8221; title_text=&#8221;Pr\u0119ty zbrojeniowe&#8221; url=&#8221;https:\/\/verstal.pl\/oferta\/#prety&#8221; use_overlay=&#8221;on&#8221; overlay_icon_color=&#8221;RGBA(255,255,255,0)&#8221; hover_overlay_color=&#8221;rgba(224,11,0,0.44)&#8221; hover_icon=&#8221;&#xe060;||divi||400&#8243; align=&#8221;center&#8221; _builder_version=&#8221;4.16&#8243; _module_preset=&#8221;default&#8221; animation_style=&#8221;roll&#8221; border_radii=&#8221;on|200px|200px|200px|200px&#8221; global_colors_info=&#8221;{}&#8221;][\/et_pb_image][et_pb_text _builder_version=&#8221;4.16&#8243; _module_preset=&#8221;default&#8221; text_font=&#8221;Lato||||||||&#8221; text_text_color=&#8221;#fcc100&#8243; text_font_size=&#8221;16px&#8221; global_colors_info=&#8221;{}&#8221;]<\/p>\n<p style=\"text-align: center;\"><strong>Pr\u0119ty zbrojeniowe<\/strong><\/p>\n<p>[\/et_pb_text][\/et_pb_column][et_pb_column type=&#8221;1_5&#8243; _builder_version=&#8221;4.16&#8243; _module_preset=&#8221;default&#8221; global_colors_info=&#8221;{}&#8221;][et_pb_image src=&#8221;https:\/\/verstal.pl\/wp-content\/uploads\/2022\/02\/Walcowka.png&#8221; title_text=&#8221;Walc\u00f3wka&#8221; url=&#8221;https:\/\/verstal.pl\/oferta\/#walcowka&#8221; use_overlay=&#8221;on&#8221; overlay_icon_color=&#8221;RGBA(255,255,255,0)&#8221; hover_overlay_color=&#8221;rgba(224,11,0,0.44)&#8221; _builder_version=&#8221;4.16&#8243; _module_preset=&#8221;default&#8221; animation_style=&#8221;roll&#8221; border_radii=&#8221;on|200px|200px|200px|200px&#8221; global_colors_info=&#8221;{}&#8221;][\/et_pb_image][et_pb_text _builder_version=&#8221;4.16&#8243; _module_preset=&#8221;default&#8221; text_font=&#8221;Lato||||||||&#8221; text_text_color=&#8221;#fcc100&#8243; text_font_size=&#8221;16px&#8221; global_colors_info=&#8221;{}&#8221;]<\/p>\n<p style=\"text-align: center;\"><strong>Walc\u00f3wka g\u0142adka<\/strong><\/p>\n<p>[\/et_pb_text][\/et_pb_column][et_pb_column type=&#8221;1_5&#8243; _builder_version=&#8221;4.16&#8243; _module_preset=&#8221;default&#8221; global_colors_info=&#8221;{}&#8221;][et_pb_image src=&#8221;https:\/\/verstal.pl\/wp-content\/uploads\/2022\/02\/Druty.png&#8221; title_text=&#8221;Druty&#8221; url=&#8221;https:\/\/verstal.pl\/oferta\/#druty&#8221; use_overlay=&#8221;on&#8221; overlay_icon_color=&#8221;RGBA(255,255,255,0)&#8221; hover_overlay_color=&#8221;rgba(224,11,0,0.44)&#8221; _builder_version=&#8221;4.16&#8243; _module_preset=&#8221;default&#8221; animation_style=&#8221;roll&#8221; border_radii=&#8221;on|200px|200px|200px|200px&#8221; global_colors_info=&#8221;{}&#8221;][\/et_pb_image][et_pb_text _builder_version=&#8221;4.16&#8243; _module_preset=&#8221;default&#8221; text_font=&#8221;Lato||||||||&#8221; text_text_color=&#8221;#fcc100&#8243; text_font_size=&#8221;16px&#8221; global_colors_info=&#8221;{}&#8221;]<\/p>\n<p style=\"text-align: center;\"><strong>Druty<\/strong><\/p>\n<p>[\/et_pb_text][\/et_pb_column][et_pb_column type=&#8221;1_5&#8243; _builder_version=&#8221;4.16&#8243; _module_preset=&#8221;default&#8221; global_colors_info=&#8221;{}&#8221;][et_pb_image src=&#8221;https:\/\/verstal.pl\/wp-content\/uploads\/2022\/02\/Liny-stalowe.png&#8221; title_text=&#8221;Liny stalowe&#8221; url=&#8221;https:\/\/verstal.pl\/oferta\/#liny&#8221; use_overlay=&#8221;on&#8221; overlay_icon_color=&#8221;RGBA(255,255,255,0)&#8221; hover_overlay_color=&#8221;rgba(224,11,0,0.44)&#8221; _builder_version=&#8221;4.16&#8243; _module_preset=&#8221;default&#8221; animation_style=&#8221;roll&#8221; border_radii=&#8221;on|200px|200px|200px|200px&#8221; global_colors_info=&#8221;{}&#8221;][\/et_pb_image][et_pb_text _builder_version=&#8221;4.16&#8243; _module_preset=&#8221;default&#8221; text_font=&#8221;Lato||||||||&#8221; text_text_color=&#8221;#fcc100&#8243; text_font_size=&#8221;16px&#8221; global_colors_info=&#8221;{}&#8221;]<\/p>\n<p style=\"text-align: center;\"><strong>Liny stalowe<\/strong><\/p>\n<p>[\/et_pb_text][\/et_pb_column][et_pb_column type=&#8221;1_5&#8243; _builder_version=&#8221;4.16&#8243; _module_preset=&#8221;default&#8221; global_colors_info=&#8221;{}&#8221;][et_pb_image src=&#8221;https:\/\/verstal.pl\/wp-content\/uploads\/2022\/02\/Inne.png&#8221; title_text=&#8221;Inne&#8221; url=&#8221;https:\/\/verstal.pl\/oferta\/#inne&#8221; use_overlay=&#8221;on&#8221; overlay_icon_color=&#8221;RGBA(255,255,255,0)&#8221; hover_overlay_color=&#8221;rgba(224,11,0,0.44)&#8221; _builder_version=&#8221;4.16&#8243; _module_preset=&#8221;default&#8221; animation_style=&#8221;roll&#8221; border_radii=&#8221;on|200px|200px|200px|200px&#8221; global_colors_info=&#8221;{}&#8221;][\/et_pb_image][et_pb_text _builder_version=&#8221;4.16&#8243; _module_preset=&#8221;default&#8221; text_font=&#8221;Lato||||||||&#8221; text_text_color=&#8221;#fcc100&#8243; text_font_size=&#8221;16px&#8221; global_colors_info=&#8221;{}&#8221;]<\/p>\n<p style=\"text-align: center;\"><strong>Inne<\/strong><\/p>\n<p>[\/et_pb_text][\/et_pb_column][\/et_pb_row][et_pb_row _builder_version=&#8221;4.16&#8243; custom_margin=&#8221;-11px|auto||auto||&#8221; custom_padding=&#8221;40px|||||&#8221; global_colors_info=&#8221;{}&#8221;][et_pb_column type=&#8221;4_4&#8243; _builder_version=&#8221;4.16&#8243; custom_padding=&#8221;|||&#8221; global_colors_info=&#8221;{}&#8221; custom_padding__hover=&#8221;|||&#8221;][et_pb_button button_url=&#8221;@ET-DC@eyJkeW5hbWljIjp0cnVlLCJjb250ZW50IjoicG9zdF9saW5rX3VybF9wYWdlIiwic2V0dGluZ3MiOnsicG9zdF9pZCI6IjUzIn19@&#8221; button_text=&#8221;Sprawd\u017a nasz\u0105 ofert\u0119&#8221; button_alignment=&#8221;center&#8221; _builder_version=&#8221;4.16&#8243; _dynamic_attributes=&#8221;button_url&#8221; custom_button=&#8221;on&#8221; button_text_size=&#8221;14px&#8221; button_bg_color=&#8221;#ff0800&#8243; button_border_color=&#8221;rgba(0,0,0,0)&#8221; button_letter_spacing=&#8221;4px&#8221; button_font=&#8221;Lato|700||on|||||&#8221; background_layout=&#8221;dark&#8221; custom_margin=&#8221;35px|||||&#8221; custom_padding=&#8221;18px|200px|18px|200px|true|true&#8221; custom_padding_tablet=&#8221;&#8221; custom_padding_phone=&#8221;|50px||50px||true&#8221; custom_padding_last_edited=&#8221;on|phone&#8221; global_colors_info=&#8221;{}&#8221; button_text_size__hover_enabled=&#8221;off&#8221; button_one_text_size__hover_enabled=&#8221;off&#8221; button_two_text_size__hover_enabled=&#8221;off&#8221; button_text_color__hover_enabled=&#8221;off&#8221; button_one_text_color__hover_enabled=&#8221;off&#8221; button_two_text_color__hover_enabled=&#8221;off&#8221; button_border_width__hover_enabled=&#8221;off&#8221; button_one_border_width__hover_enabled=&#8221;off&#8221; button_two_border_width__hover_enabled=&#8221;off&#8221; button_border_color__hover_enabled=&#8221;off&#8221; button_one_border_color__hover_enabled=&#8221;off&#8221; button_two_border_color__hover_enabled=&#8221;off&#8221; button_border_radius__hover_enabled=&#8221;off&#8221; button_one_border_radius__hover_enabled=&#8221;off&#8221; button_two_border_radius__hover_enabled=&#8221;off&#8221; button_letter_spacing__hover_enabled=&#8221;off&#8221; button_one_letter_spacing__hover_enabled=&#8221;off&#8221; button_two_letter_spacing__hover_enabled=&#8221;off&#8221; button_bg_color__hover_enabled=&#8221;off&#8221; button_one_bg_color__hover_enabled=&#8221;off&#8221; button_two_bg_color__hover_enabled=&#8221;off&#8221;][\/et_pb_button][\/et_pb_column][\/et_pb_row][\/et_pb_section][et_pb_section fb_built=&#8221;1&#8243; admin_label=&#8221;Email&#8221; _builder_version=&#8221;4.16&#8243; background_color=&#8221;#1a1844&#8243; use_background_color_gradient=&#8221;on&#8221; background_color_gradient_type=&#8221;circular&#8221; background_color_gradient_direction_radial=&#8221;left&#8221; background_color_gradient_stops=&#8221;#2b3ea0 0%|#00273f 18%&#8221; background_color_gradient_start=&#8221;#2b3ea0&#8243; background_color_gradient_end=&#8221;#00273f&#8221; background_color_gradient_end_position=&#8221;18%&#8221; background_enable_image=&#8221;off&#8221; parallax=&#8221;on&#8221; custom_padding=&#8221;||5px|||&#8221; background_color_gradient_stops_tablet=&#8221;#2b3ea0 0%|#00273f 18%&#8221; background_color_gradient_stops_phone=&#8221;#2b3ea0 0%|#00273f 18%&#8221; global_module=&#8221;234&#8243; saved_tabs=&#8221;all&#8221; global_colors_info=&#8221;{}&#8221; background_size__hover=&#8221;cover&#8221; background_size__hover_enabled=&#8221;cover&#8221;][et_pb_row column_structure=&#8221;1_2,1_2&#8243; padding_top_bottom_link_1=&#8221;false&#8221; padding_top_bottom_link_2=&#8221;true&#8221; padding_left_right_link_2=&#8221;false&#8221; _builder_version=&#8221;4.16&#8243; width=&#8221;100%&#8221; max_width=&#8221;100%&#8221; custom_margin=&#8221;|auto|-5px|auto||&#8221; custom_margin_tablet=&#8221;0px|||&#8221; custom_margin_phone=&#8221;|||&#8221; custom_margin_last_edited=&#8221;off|desktop&#8221; custom_padding=&#8221;27px|0px|0|0px|false|false&#8221; animation_style=&#8221;slide&#8221; animation_direction=&#8221;bottom&#8221; animation_intensity_slide=&#8221;1%&#8221; use_custom_width=&#8221;on&#8221; width_unit=&#8221;off&#8221; custom_width_percent=&#8221;100%&#8221; global_colors_info=&#8221;{}&#8221;][et_pb_column type=&#8221;1_2&#8243; _builder_version=&#8221;4.16&#8243; custom_padding=&#8221;120px|||20vw&#8221; custom_padding_tablet=&#8221;60px|10%|60px|10%|true|true&#8221; custom_padding_phone=&#8221;|||||false&#8221; custom_padding_last_edited=&#8221;on|tablet&#8221; global_colors_info=&#8221;{}&#8221; padding_phone=&#8221;|||||false&#8221; padding_tablet=&#8221;60px|10%|60px|10%|true|true&#8221; padding_last_edited=&#8221;on|tablet&#8221; custom_padding__hover=&#8221;|||&#8221;][et_pb_text _builder_version=&#8221;4.16&#8243; text_font=&#8221;Lato||||||||&#8221; header_font=&#8221;Lato||||||||&#8221; header_2_font=&#8221;Lato|700|||||||&#8221; header_2_font_size=&#8221;50px&#8221; header_2_line_height=&#8221;1.4em&#8221; background_layout=&#8221;dark&#8221; header_2_font_size_tablet=&#8221;40px&#8221; header_2_font_size_phone=&#8221;30px&#8221; header_2_font_size_last_edited=&#8221;on|phone&#8221; global_colors_info=&#8221;{}&#8221;]<\/p>\n<h2>Prze\u015blij nam wiadomo\u015b\u0107<\/h2>\n<p>[\/et_pb_text][et_pb_divider color=&#8221;#ef001b&#8221; divider_weight=&#8221;5px&#8221; _builder_version=&#8221;4.16&#8243; max_width=&#8221;120px&#8221; module_alignment=&#8221;left&#8221; locked=&#8221;off&#8221; global_colors_info=&#8221;{}&#8221;][\/et_pb_divider][et_pb_text _builder_version=&#8221;4.16&#8243; text_font=&#8221;Lato||||||||&#8221; text_font_size=&#8221;15px&#8221; text_line_height=&#8221;2em&#8221; link_font=&#8221;||||||||&#8221; link_text_color=&#8221;#fe4943&#8243; header_font=&#8221;Lato||||||||&#8221; background_layout=&#8221;dark&#8221; locked=&#8221;off&#8221; global_colors_info=&#8221;{}&#8221;]<\/p>\n<p>Najwygodniejszym sposobem kontaktu z nami jest prosty formularz kontaktowy.<br \/>Staramy si\u0119 odpowiada\u0107 na zapytania w mo\u017cliwie jak najszybszym czasie.<\/p>\n<p>[\/et_pb_text][\/et_pb_column][et_pb_column type=&#8221;1_2&#8243; _builder_version=&#8221;4.16&#8243; background_color=&#8221;#ef001b&#8221; custom_padding=&#8221;100px|10vw|100px|10vw&#8221; custom_padding_tablet=&#8221;60px|10%|60px|10%|true|true&#8221; custom_padding_phone=&#8221;||||true|&#8221; custom_padding_last_edited=&#8221;on|phone&#8221; global_colors_info=&#8221;{}&#8221; padding_phone=&#8221;||||true|&#8221; padding_tablet=&#8221;60px|10%|60px|10%|true|true&#8221; padding_last_edited=&#8221;on|phone&#8221; custom_padding__hover=&#8221;|||&#8221;][wpforms_selector form_id=&#8221;344&#8243; _builder_version=&#8221;4.27.2&#8243; _module_preset=&#8221;default&#8221; custom_margin=&#8221;||||false|false&#8221; global_colors_info=&#8221;{}&#8221;][\/wpforms_selector][\/et_pb_column][\/et_pb_row][\/et_pb_section]<\/p>\n","protected":false},"excerpt":{"rendered":"<p>Zapraszamy do wsp\u00f3\u0142pracyOferujemy szeroki asortyment wyrob\u00f3w ze stali w\u0119glowejjak pr\u0119ty \u017cebrowane, walc\u00f3wki czy druty.Cechuje nas terminowo\u015b\u0107 oraz indywidualne podej\u015bcie do ka\u017cdego klienta.Nasze wyroby posiadaj\u0105 wszelkie wymagane certyfikaty oraz atesty. &nbsp;Pr\u0119ty zbrojenioweWalc\u00f3wka g\u0142adkaDrutyLiny staloweInnePrze\u015blij nam wiadomo\u015b\u0107Najwygodniejszym sposobem kontaktu z nami jest prosty formularz kontaktowy.Staramy si\u0119 odpowiada\u0107 na zapytania w mo\u017cliwie jak najszybszym czasie.<div class=\"et_pb_module wpforms_selector wpforms_selector_0\">\n\t\t\t\t\n\t\t\t\t\n\t\t\t\t\n\t\t\t\t\n\t\t\t\t\n\t\t\t\t\n\t\t\t\t<div class=\"et_pb_module_inner\">\n\t\t\t\t\t\n\t\t\t\t<\/div>\n\t\t\t<\/div><\/p>","protected":false},"author":2,"featured_media":0,"parent":0,"menu_order":0,"comment_status":"closed","ping_status":"closed","template":"","meta":{"_et_pb_use_builder":"on","_et_pb_old_content":"","_et_gb_content_width":"","footnotes":""},"class_list":["post-34","page","type-page","status-publish","hentry"],"yoast_head":"<!-- This site is optimized with the Yoast SEO plugin v27.3 - https:\/\/yoast.com\/product\/yoast-seo-wordpress\/ -->\n<title>Verstal | Pr\u0119ty \u017cebrowane, Walc\u00f3wka g\u0142adka, Druty, Liny stalowe<\/title>\n<meta name=\"description\" content=\"Oferujemy szeroki asortyment wyrob\u00f3w ze stali w\u0119glowej jak pr\u0119ty \u017cebrowane, walc\u00f3wki czy druty.\" \/>\n<meta name=\"robots\" content=\"index, follow, max-snippet:-1, max-image-preview:large, max-video-preview:-1\" \/>\n<link rel=\"canonical\" href=\"https:\/\/verstal.pl\/de\/\" \/>\n<meta property=\"og:locale\" content=\"de_DE\" \/>\n<meta property=\"og:type\" content=\"article\" \/>\n<meta property=\"og:title\" content=\"Verstal | Pr\u0119ty \u017cebrowane, Walc\u00f3wka g\u0142adka, Druty, Liny stalowe\" \/>\n<meta property=\"og:description\" content=\"Oferujemy szeroki asortyment wyrob\u00f3w ze stali w\u0119glowej jak pr\u0119ty \u017cebrowane, walc\u00f3wki czy druty.\" \/>\n<meta property=\"og:url\" content=\"https:\/\/verstal.pl\/de\/\" \/>\n<meta property=\"og:site_name\" content=\"Verstal\" \/>\n<meta property=\"article:modified_time\" content=\"2024-10-29T11:17:48+00:00\" \/>\n<meta name=\"twitter:card\" content=\"summary_large_image\" \/>\n<meta name=\"twitter:label1\" content=\"Gesch\u00e4tzte Lesezeit\" \/>\n\t<meta name=\"twitter:data1\" content=\"4\u00a0Minuten\" \/>\n<script type=\"application\/ld+json\" class=\"yoast-schema-graph\">{\"@context\":\"https:\\\/\\\/schema.org\",\"@graph\":[{\"@type\":\"WebPage\",\"@id\":\"https:\\\/\\\/verstal.pl\\\/\",\"url\":\"https:\\\/\\\/verstal.pl\\\/\",\"name\":\"Verstal | Pr\u0119ty \u017cebrowane, Walc\u00f3wka g\u0142adka, Druty, Liny stalowe\",\"isPartOf\":{\"@id\":\"https:\\\/\\\/verstal.pl\\\/#website\"},\"datePublished\":\"2022-02-13T00:15:24+00:00\",\"dateModified\":\"2024-10-29T11:17:48+00:00\",\"description\":\"Oferujemy szeroki asortyment wyrob\u00f3w ze stali w\u0119glowej jak pr\u0119ty \u017cebrowane, walc\u00f3wki czy druty.\",\"breadcrumb\":{\"@id\":\"https:\\\/\\\/verstal.pl\\\/#breadcrumb\"},\"inLanguage\":\"de\",\"potentialAction\":[{\"@type\":\"ReadAction\",\"target\":[\"https:\\\/\\\/verstal.pl\\\/\"]}]},{\"@type\":\"BreadcrumbList\",\"@id\":\"https:\\\/\\\/verstal.pl\\\/#breadcrumb\",\"itemListElement\":[{\"@type\":\"ListItem\",\"position\":1,\"name\":\"Strona g\u0142\u00f3wna\",\"item\":\"https:\\\/\\\/verstal.pl\\\/\"},{\"@type\":\"ListItem\",\"position\":2,\"name\":\"Pr\u0119ty \u017cebrowane, Walc\u00f3wka g\u0142adka, Druty, Liny stalowe\"}]},{\"@type\":\"WebSite\",\"@id\":\"https:\\\/\\\/verstal.pl\\\/#website\",\"url\":\"https:\\\/\\\/verstal.pl\\\/\",\"name\":\"Verstal\",\"description\":\"Wyroby stalowe i hutnicze\",\"publisher\":{\"@id\":\"https:\\\/\\\/verstal.pl\\\/#organization\"},\"potentialAction\":[{\"@type\":\"SearchAction\",\"target\":{\"@type\":\"EntryPoint\",\"urlTemplate\":\"https:\\\/\\\/verstal.pl\\\/?s={search_term_string}\"},\"query-input\":{\"@type\":\"PropertyValueSpecification\",\"valueRequired\":true,\"valueName\":\"search_term_string\"}}],\"inLanguage\":\"de\"},{\"@type\":\"Organization\",\"@id\":\"https:\\\/\\\/verstal.pl\\\/#organization\",\"name\":\"Verstal\",\"url\":\"https:\\\/\\\/verstal.pl\\\/\",\"logo\":{\"@type\":\"ImageObject\",\"inLanguage\":\"de\",\"@id\":\"https:\\\/\\\/verstal.pl\\\/#\\\/schema\\\/logo\\\/image\\\/\",\"url\":\"https:\\\/\\\/verstal.pl\\\/wp-content\\\/uploads\\\/2022\\\/02\\\/unnamed.png\",\"contentUrl\":\"https:\\\/\\\/verstal.pl\\\/wp-content\\\/uploads\\\/2022\\\/02\\\/unnamed.png\",\"width\":3876,\"height\":1463,\"caption\":\"Verstal\"},\"image\":{\"@id\":\"https:\\\/\\\/verstal.pl\\\/#\\\/schema\\\/logo\\\/image\\\/\"}}]}<\/script>\n<!-- \/ Yoast SEO plugin. -->","yoast_head_json":{"title":"Verstal | Pr\u0119ty \u017cebrowane, Walc\u00f3wka g\u0142adka, Druty, Liny stalowe","description":"Oferujemy szeroki asortyment wyrob\u00f3w ze stali w\u0119glowej jak pr\u0119ty \u017cebrowane, walc\u00f3wki czy druty.","robots":{"index":"index","follow":"follow","max-snippet":"max-snippet:-1","max-image-preview":"max-image-preview:large","max-video-preview":"max-video-preview:-1"},"canonical":"https:\/\/verstal.pl\/de\/","og_locale":"de_DE","og_type":"article","og_title":"Verstal | Pr\u0119ty \u017cebrowane, Walc\u00f3wka g\u0142adka, Druty, Liny stalowe","og_description":"Oferujemy szeroki asortyment wyrob\u00f3w ze stali w\u0119glowej jak pr\u0119ty \u017cebrowane, walc\u00f3wki czy druty.","og_url":"https:\/\/verstal.pl\/de\/","og_site_name":"Verstal","article_modified_time":"2024-10-29T11:17:48+00:00","twitter_card":"summary_large_image","twitter_misc":{"Gesch\u00e4tzte Lesezeit":"4\u00a0Minuten"},"schema":{"@context":"https:\/\/schema.org","@graph":[{"@type":"WebPage","@id":"https:\/\/verstal.pl\/","url":"https:\/\/verstal.pl\/","name":"Verstal | Pr\u0119ty \u017cebrowane, Walc\u00f3wka g\u0142adka, Druty, Liny stalowe","isPartOf":{"@id":"https:\/\/verstal.pl\/#website"},"datePublished":"2022-02-13T00:15:24+00:00","dateModified":"2024-10-29T11:17:48+00:00","description":"Oferujemy szeroki asortyment wyrob\u00f3w ze stali w\u0119glowej jak pr\u0119ty \u017cebrowane, walc\u00f3wki czy druty.","breadcrumb":{"@id":"https:\/\/verstal.pl\/#breadcrumb"},"inLanguage":"de","potentialAction":[{"@type":"ReadAction","target":["https:\/\/verstal.pl\/"]}]},{"@type":"BreadcrumbList","@id":"https:\/\/verstal.pl\/#breadcrumb","itemListElement":[{"@type":"ListItem","position":1,"name":"Strona g\u0142\u00f3wna","item":"https:\/\/verstal.pl\/"},{"@type":"ListItem","position":2,"name":"Pr\u0119ty \u017cebrowane, Walc\u00f3wka g\u0142adka, Druty, Liny stalowe"}]},{"@type":"WebSite","@id":"https:\/\/verstal.pl\/#website","url":"https:\/\/verstal.pl\/","name":"Verstal","description":"Wyroby stalowe i hutnicze","publisher":{"@id":"https:\/\/verstal.pl\/#organization"},"potentialAction":[{"@type":"SearchAction","target":{"@type":"EntryPoint","urlTemplate":"https:\/\/verstal.pl\/?s={search_term_string}"},"query-input":{"@type":"PropertyValueSpecification","valueRequired":true,"valueName":"search_term_string"}}],"inLanguage":"de"},{"@type":"Organization","@id":"https:\/\/verstal.pl\/#organization","name":"Verstal","url":"https:\/\/verstal.pl\/","logo":{"@type":"ImageObject","inLanguage":"de","@id":"https:\/\/verstal.pl\/#\/schema\/logo\/image\/","url":"https:\/\/verstal.pl\/wp-content\/uploads\/2022\/02\/unnamed.png","contentUrl":"https:\/\/verstal.pl\/wp-content\/uploads\/2022\/02\/unnamed.png","width":3876,"height":1463,"caption":"Verstal"},"image":{"@id":"https:\/\/verstal.pl\/#\/schema\/logo\/image\/"}}]}},"_links":{"self":[{"href":"https:\/\/verstal.pl\/de\/wp-json\/wp\/v2\/pages\/34","targetHints":{"allow":["GET"]}}],"collection":[{"href":"https:\/\/verstal.pl\/de\/wp-json\/wp\/v2\/pages"}],"about":[{"href":"https:\/\/verstal.pl\/de\/wp-json\/wp\/v2\/types\/page"}],"author":[{"embeddable":true,"href":"https:\/\/verstal.pl\/de\/wp-json\/wp\/v2\/users\/2"}],"replies":[{"embeddable":true,"href":"https:\/\/verstal.pl\/de\/wp-json\/wp\/v2\/comments?post=34"}],"version-history":[{"count":58,"href":"https:\/\/verstal.pl\/de\/wp-json\/wp\/v2\/pages\/34\/revisions"}],"predecessor-version":[{"id":370,"href":"https:\/\/verstal.pl\/de\/wp-json\/wp\/v2\/pages\/34\/revisions\/370"}],"wp:attachment":[{"href":"https:\/\/verstal.pl\/de\/wp-json\/wp\/v2\/media?parent=34"}],"curies":[{"name":"wp","href":"https:\/\/api.w.org\/{rel}","templated":true}]}}